{"id":3,"date":"2023-12-07T10:45:50","date_gmt":"2023-12-07T09:45:50","guid":{"rendered":"http:\/\/rafting-morvan.com\/?page_id=3"},"modified":"2024-02-16T17:06:43","modified_gmt":"2024-02-16T16:06:43","slug":"politique-de-confidentialite","status":"publish","type":"page","link":"https:\/\/rafting-morvan.com\/?page_id=3","title":{"rendered":"Conditions g\u00e9n\u00e9rales de vente et mentions l\u00e9gales"},"content":{"rendered":"\n<h2 class=\"wp-block-heading\">Qui sommes-nous&nbsp;?<\/h2>\n\n\n\n<p>Site Internet Raft\u2019Morvan<br><a href=\"http:\/\/www.rafting-morvan.com\">www.rafting-morvan.com<\/a><br>Entreprise individuelle : Raft\u2019Morvan&nbsp;<br>34 route de chaume\u00e7on 58140 saint martin du puy&nbsp;<br>Si\u00e9ge social dans l\u2019ALLIER (03400)&nbsp;<br>Mail : <a href=\"mailto:raftnmorvan@yahoo.fr\">raftnmorvan@yahoo.fr<\/a><br>T\u00e9l\u00e9phone : 06 95 63 59 89<br>SIRET : 80995308600026&nbsp;<br>Responsable de publication : Mr ROUSTAND XAVIER&nbsp;<\/p>\n\n\n\n<h2 class=\"wp-block-heading\">Conditions g\u00e9n\u00e9rales de vente<\/h2>\n\n\n\n<p>Merci de bien vouloir prendre le temps de lire les conditions g\u00e9n\u00e9rales de vente des prestations propos\u00e9es par l\u2019\u00e9tablissement Raft\u2019Morvan.&nbsp;<\/p>\n\n\n\n<p>Veuillez ne proc\u00e9der \u00e0 aucune r\u00e9servation sans avoir lu, compris et accept\u00e9 au pr\u00e9alable nos conditions g\u00e9n\u00e9rales de vente.&nbsp;<\/p>\n\n\n\n<h3 class=\"wp-block-heading\">1. G\u00c9N\u00c9RAL<\/h3>\n\n\n\n<p>Raft\u2019 Morvan est le prestataire officiel des aventures aquatiques qui apparaissent sur le site internet www.rafting-morvan.com&nbsp;<\/p>\n\n\n\n<p>Quand vous r\u00e9servez une prestation rivi\u00e8re ou lac chez Raft\u2019Morvan, vous \u00eates li\u00e9s aux conditions g\u00e9n\u00e9rales de vente d\u00e9taill\u00e9es ci-dessous.&nbsp;&nbsp;<\/p>\n\n\n\n<h3 class=\"wp-block-heading\">2. SECURIT\u00c9<\/h3>\n\n\n\n<p>Tous les participants \u00e0 une activit\u00e9 vendu par Raft\u2019Morvan (rivi\u00e8re et\/ou lac) doivent obligatoirement se pr\u00e9senter \u00e0 l\u2019accueil \u00e0 l\u2019heure indiqu\u00e9e avec les informations d\u00e9taill\u00e9es communiqu\u00e9es au moment de la r\u00e9servation. (mail et\/ou sms)&nbsp;<\/p>\n\n\n\n<p>Avant de naviguer, une attestation sur l\u2019honneur de pratique (arr\u00eat\u00e9 1995) doit \u00eatre compl\u00e9t\u00e9e et sign\u00e9e. Tous les participants doivent suivre les instructions li\u00e9es \u00e0 la s\u00e9curit\u00e9.&nbsp;&nbsp;<\/p>\n\n\n\n<p><strong>Contre-indications <\/strong>:&nbsp;&nbsp;<\/p>\n\n\n\n<p>V<strong>ous ne POUVEZ PAS pratiquer l\u2019activit\u00e9 si vous : <\/strong>&nbsp;<\/p>\n\n\n\n<ul>\n<li><strong>Pesez plus de 110 kg pour le rafting et 90 kg pour le cano\u00eb-raft. <\/strong>&nbsp;<\/li>\n\n\n\n<li><strong>\u00cates enceinte.<\/strong>&nbsp;<\/li>\n\n\n\n<li><strong>Avez souffert d\u2019un traumatisme ou ayant une fragilit\u00e9 articulaire (ex : suite op\u00e9ration du genou, du dos..)<\/strong>&nbsp;<\/li>\n\n\n\n<li><strong>\u00cates atteint d\u2019une paralysie ou perte d\u2019autonomie. <\/strong>&nbsp;<\/li>\n\n\n\n<li><strong>\u00cates sous l\u2019influence de drogues ou d\u2019alcool.<\/strong>&nbsp;<\/li>\n\n\n\n<li><strong>Souffrez de troubles cardiaques ou troubles respiratoires aigus. <\/strong>&nbsp;<\/li>\n\n\n\n<li><strong>N&rsquo;avez pas sign\u00e9 notre attestation sur l\u2019honneur de pratique et sign\u00e9 par un repr\u00e9sentant l\u00e9gal si vous \u00eates mineur.<\/strong>&nbsp;<\/li>\n\n\n\n<li><strong>Si vous avez eu un probl\u00e8me musculo-squelettique, vous ne pourrez naviguer que sur pr\u00e9sence d&rsquo;un certificat m\u00e9dical attestant que votre trouble ne pr\u00e9sente pas de contre-indications \u00e0 la pratique de l\u2019activit\u00e9 souhait\u00e9e.<\/strong>&nbsp;<\/li>\n<\/ul>\n\n\n\n<p><strong>Toutes nos activit\u00e9s n\u00e9cessitent de porter un \u00e9quipement de s\u00e9curit\u00e9 (EPI) et cela sans exceptions.<\/strong>&nbsp;<\/p>\n\n\n\n<p><strong>Les responsables de Raft\u2019Morvan, h\u00f4tesse d\u2019accueil et guides de rivi\u00e8res, se r\u00e9servent le droit de refuser une ou plusieurs personnes d\u2019un m\u00eame groupe pr\u00e9sentant des contres indications cit\u00e9s au-dessus.<\/strong>&nbsp;<\/p>\n\n\n\n<p><strong>Veuillez nous contacter en avance si vous avez des questions concernant la s\u00e9curit\u00e9 ou l\u2019\u00e9ligibilit\u00e9 des participants. <\/strong>&nbsp;<\/p>\n\n\n\n<h3 class=\"wp-block-heading\">3. PRESTATION &amp; TARIFS&nbsp;<\/h3>\n\n\n\n<p>Tous les tarifs, prestations sur<a href=\"http:\/\/www.rafting-morvan.com\/\"> www.rafting-morvan.com<\/a>&nbsp; peuvent \u00eatre modifi\u00e9s ou chang\u00e9s par Raft\u2019Morvan \u00e0 tout moment.&nbsp;&nbsp;<\/p>\n\n\n\n<p>Le pratiquant ayant souscris \u00e0 une location de paddle ou cano\u00eb sit on top se verra responsable en cas de perte, casse ou vol du mat\u00e9riel qui lui a \u00e9t\u00e9 confi\u00e9.&nbsp;<\/p>\n\n\n\n<h3 class=\"wp-block-heading\">4. CONFIRMATIONS DE RESERVATION&nbsp;<\/h3>\n\n\n\n<p>Les confirmations de r\u00e9servation sont d\u00e9livr\u00e9es par e-mail et ou sms venant vous donner toutes les informations (heure et lieu de RDV, tenue \u00e0 pr\u00e9voir, moyen de paiement&#8230;)&nbsp;<\/p>\n\n\n\n<p>Il est dans l\u2019enti\u00e8re responsabilit\u00e9 de la personne r\u00e9alisant la r\u00e9servation de s\u2019assurer que tous les participants du groupe aient bien lu et compris la confirmation de r\u00e9servation avec les informations n\u00e9cessaires au bon d\u00e9roulement de l\u2019activit\u00e9.&nbsp;&nbsp;<\/p>\n\n\n\n<p>Raft\u2019Morvan ne peut pas \u00eatre tenu responsable des participants arrivants incorrectement pr\u00e9par\u00e9 pour leur session aquatique (pas de maillot de bain&#8230;)&nbsp;<\/p>\n\n\n\n<p>ATTENTION, le paiement exig\u00e9 le jour de la prestation se fera sur la base du nombre de personnes ayant r\u00e9serv\u00e9 au pr\u00e9alable et non sur le nombre r\u00e9el de participants.&nbsp;&nbsp;<\/p>\n\n\n\n<h3 class=\"wp-block-heading\">5. DUR\u00c9E ET HEURES DE RENDEZ-VOUS&nbsp;<\/h3>\n\n\n\n<p>Nous ne pouvons vous garantir que vous serez accueillis \u00e0 l\u2019heure exacte d\u00e9taill\u00e9e sur la confirmation de r\u00e9servation. Cependant, nous nous effor\u00e7ons de respecter au mieux les heures de rendez-vous. Un retard de notre part est l\u2019exception.&nbsp;<\/p>\n\n\n\n<p>Afin d\u2019\u00e9viter tout probl\u00e8me, veuillez vous assurer de bien arriver \u00e0 l\u2019heure de rendez-vous pr\u00e9cis\u00e9e sur vos informations d\u00e9taill\u00e9es dans votre confirmation de r\u00e9servation. Le temps de votre session : rafting, cano\u00eb-raft a une dur\u00e9e informative. Une activit\u00e9 rivi\u00e8re chez Raft\u2019Morvan dure approximativement 2h15 au total incluant une heure sur l\u2019eau et une heure 15 de logistique : accueil, \u00e9quipement, acc\u00e8s \u00e0 la rivi\u00e8re et retour \u00e0 la base.\u00a0<\/p>\n\n\n\n<h3 class=\"wp-block-heading\">6. DESCRIPTIONS, PHOTOS ET VIDEOS <\/h3>\n\n\n\n<p>Toutes les descriptions sur notre site internet et sur nos supports marketing sont exactes au moment de la mise en ligne.&nbsp;<br>Les descriptions peuvent \u00eatre mises \u00e0 jour et \u00eatre modifi\u00e9es librement et ce tout au long de l\u2019ann\u00e9e. Un lien pour acc\u00e8s \u00e0 \u201cla vid\u00e9o de votre descente\u201d vous sera propos\u00e9 gratuitement \u00e0 partir d\u2019un m\u00eame groupe de 4 personnes minimum. Nous ne serons pas tenus responsable en cas de dysfonctionnement (panne batterie GoPro, maintenance de la cam\u00e9ra&#8230;) et donc de l\u2019impossibilit\u00e9 de vous fournir la vid\u00e9o. Cette situation n&rsquo;ouvrira en aucun cas \u00e0 une quelconque contrepartie de la part de Raft\u2019Morvan. Nous ne sommes pas professionnels de l\u2019image, cette prestation vous est propos\u00e9e gratuitement sans obligation de r\u00e9sultat de la part de Raft\u2019Morvan.&nbsp;<\/p>\n\n\n\n<h3 class=\"wp-block-heading\">7. POLITIQUE DE REMBOURSEMENT et d\u2019ANNULATION&nbsp;<\/h3>\n\n\n\n<p>Raft Morvan rembourse l\u2019int\u00e9gralit\u00e9 de vos arrhes dans le cas d\u2019un \u00e9v\u00e8nement dit de force majeure. Pour exemple, l&rsquo;ensemble des prestations r\u00e9serv\u00e9es lors du printemps 2020 a \u00e9t\u00e9 enti\u00e8rement rembours\u00e9e.&nbsp;<\/p>\n\n\n\n<p>Raft\u2019Morvan se r\u00e9serve le droit d\u2019annuler des prestations. Soyez assur\u00e9 que cela n\u2019arrivera qu\u2019en cas d\u2019urgente n\u00e9cessit\u00e9 : une panne de v\u00e9hicule assurant la navette, mise en s\u00e9curit\u00e9 du barrage par EDF et l\u00e2cher d\u2019eau non assur\u00e9, guide bless\u00e9 et non apte \u00e0 encadrer l\u2019activit\u00e9&#8230;<br>&nbsp;<\/p>\n\n\n\n<h3 class=\"wp-block-heading\">8. ASSURANCE&nbsp;<\/h3>\n\n\n\n<p>Raft\u2019Morvan d\u00e9tient une assurance de responsabilit\u00e9 civile souscrite aupr\u00e8s du syndicat national des guides de rivi\u00e8res. <strong>ATTENTION<\/strong> cette assurance ne couvre pas la perte de vos lunettes de vue en cas de bain \u201cforc\u00e9\u201d dans la rivi\u00e8re et\/ou dans le lac.&nbsp;<\/p>\n\n\n\n<p>Veuillez nous contacter en avance si vous souhaitez en prendre connaissance.&nbsp;&nbsp;<\/p>\n\n\n\n<h3 class=\"wp-block-heading\">9. BIEN PERSONNEL&nbsp;<\/h3>\n\n\n\n<p>Raft\u2019 Morvan met \u00e0 disposition un vestiaire pour vous changer et ne sera pas tenu pour responsable pour tout objet endommag\u00e9, perdu ou vol\u00e9.&nbsp;<br>Nous ne sommes pas responsables de vos t\u00e9l\u00e9phones portables.&nbsp;<\/p>\n\n\n\n<h3 class=\"wp-block-heading\">10. PROPRI\u00c9T\u00c9 INTELLECTUELLE&nbsp;&nbsp;<\/h3>\n\n\n\n<p>Le Site Internet est la propri\u00e9t\u00e9 de Raft\u2019 Morvan en la personne physique de Mr ROUSTAND Xavier.&nbsp;<br>L\u2019ensemble des \u00e9l\u00e9ments \u00e9dit\u00e9s par Raft\u2019Morvan tels que sons, images, photographies, vid\u00e9os, \u00e9crits, est prot\u00e9g\u00e9 par les dispositions du Code de la propri\u00e9t\u00e9 intellectuelle et appartiennent \u00e0 Raft\u2019Morvan.&nbsp;&nbsp;<\/p>\n\n\n\n<p>Aucun contenu, quelle que soit sa nature, ne peut \u00eatre copi\u00e9 ou reproduit autrement sans l\u2019autorisation explicite, \u00e9crite et pr\u00e9alable de Raft\u2019Morvan, except\u00e9 si ces mesures d\u2019utilisation ont \u00e9t\u00e9 pr\u00e9alablement convenues par une licence. L\u2019utilisateur s\u2019interdit de porter atteinte aux droits de propri\u00e9t\u00e9 intellectuelle aff\u00e9rents \u00e0 ces \u00e9l\u00e9ments et notamment de les reproduire, repr\u00e9senter, modifier, adapter, traduire, d\u2019en extraire et\/ou r\u00e9utiliser une partie qualitativement ou quantitativement substantielle, \u00e0 l\u2019exclusion des actes n\u00e9cessaires \u00e0 leur usage normal et conforme.&nbsp;<\/p>\n\n\n\n<h2 class=\"wp-block-heading\">Politique de confidentialit\u00e9 <\/h2>\n\n\n\n<p>Qui sommes-nous ? Guide de rivi\u00e8res ind\u00e9pendant depuis des ann\u00e9es.&nbsp;<br>Cr\u00e9ation de l\u2019\u00e9tablissement Raft\u2019Morvan en mars 2015.&nbsp;<\/p>\n\n\n\n<h3 class=\"wp-block-heading\">Cookies<\/h3>\n\n\n\n<p>Si vous laissez un commentaire sur notre site, vous pouvez accepter que votre nom, votre adresse \u00e9lectronique et votre site web soient enregistr\u00e9s dans des cookies. Ces cookies sont destin\u00e9s \u00e0 vous faciliter la t\u00e2che, de sorte que vous n\u2019ayez pas \u00e0 fournir \u00e0 nouveau vos coordonn\u00e9es lorsque vous laissez un autre commentaire. Ces cookies ont une dur\u00e9e de vie limit\u00e9. <\/p>\n\n\n\n<h3 class=\"wp-block-heading\"><strong>Contactez-nous<\/strong>&nbsp;<\/h3>\n\n\n\n<p>Pour toute question, information sur nos prestations propos\u00e9es sur le site, ou concernant le site lui-m\u00eame, vous pouvez nous laisser un message \u00e0 l\u2019adresse suivante : raftnmorvan@yahoo.fr<\/p>\n","protected":false},"excerpt":{"rendered":"<p>Qui sommes-nous&nbsp;? Site Internet Raft\u2019Morvanwww.rafting-morvan.comEntreprise individuelle : Raft\u2019Morvan&nbsp;34 route de chaume\u00e7on 58140 saint martin du puy&nbsp;Si\u00e9ge social dans l\u2019ALLIER (03400)&nbsp;Mail : raftnmorvan@yahoo.frT\u00e9l\u00e9phone : 06 95 63 59 89SIRET : 80995308600026&nbsp;Responsable de publication : Mr ROUSTAND XAVIER&nbsp; Conditions g\u00e9n\u00e9rales de vente Merci de bien vouloir prendre le temps de lire les conditions g\u00e9n\u00e9rales de vente des [&hellip;]<\/p>\n","protected":false},"author":1,"featured_media":0,"parent":0,"menu_order":0,"comment_status":"closed","ping_status":"open","template":"","meta":{"site-sidebar-layout":"default","site-content-layout":"","ast-site-content-layout":"","site-content-style":"default","site-sidebar-style":"default","ast-global-header-display":"","ast-banner-title-visibility":"","ast-main-header-display":"","ast-hfb-above-header-display":"","ast-hfb-below-header-display":"","ast-hfb-mobile-header-display":"","site-post-title":"","ast-breadcrumbs-content":"","ast-featured-img":"","footer-sml-layout":"","theme-transparent-header-meta":"","adv-header-id-meta":"","stick-header-meta":"","header-above-stick-meta":"","header-main-stick-meta":"","header-below-stick-meta":"","astra-migrate-meta-layouts":"default","ast-page-background-enabled":"default","ast-page-background-meta":{"desktop":{"background-color":"var(--ast-global-color-4)","background-image":"","background-repeat":"repeat","background-position":"center center","background-size":"auto","background-attachment":"scroll","background-type":"","background-media":"","overlay-type":"","overlay-color":"","overlay-gradient":""},"tablet":{"background-color":"","background-image":"","background-repeat":"repeat","background-position":"center center","background-size":"auto","background-attachment":"scroll","background-type":"","background-media":"","overlay-type":"","overlay-color":"","overlay-gradient":""},"mobile":{"background-color":"","background-image":"","background-repeat":"repeat","background-position":"center center","background-size":"auto","background-attachment":"scroll","background-type":"","background-media":"","overlay-type":"","overlay-color":"","overlay-gradient":""}},"ast-content-background-meta":{"desktop":{"background-color":"var(--ast-global-color-5)","background-image":"","background-repeat":"repeat","background-position":"center center","background-size":"auto","background-attachment":"scroll","background-type":"","background-media":"","overlay-type":"","overlay-color":"","overlay-gradient":""},"tablet":{"background-color":"var(--ast-global-color-5)","background-image":"","background-repeat":"repeat","background-position":"center center","background-size":"auto","background-attachment":"scroll","background-type":"","background-media":"","overlay-type":"","overlay-color":"","overlay-gradient":""},"mobile":{"background-color":"var(--ast-global-color-5)","background-image":"","background-repeat":"repeat","background-position":"center center","background-size":"auto","background-attachment":"scroll","background-type":"","background-media":"","overlay-type":"","overlay-color":"","overlay-gradient":""}},"footnotes":""},"yoast_head":"<!-- This site is optimized with the Yoast SEO plugin v23.1 - https:\/\/yoast.com\/wordpress\/plugins\/seo\/ -->\n<title>Conditions g\u00e9n\u00e9rales de vente et mentions l\u00e9gales - rafting-morvan.com<\/title>\n<meta name=\"robots\" content=\"index, follow, max-snippet:-1, max-image-preview:large, max-video-preview:-1\" \/>\n<link rel=\"canonical\" href=\"https:\/\/rafting-morvan.com\/?page_id=3\" \/>\n<meta property=\"og:locale\" content=\"fr_FR\" \/>\n<meta property=\"og:type\" content=\"article\" \/>\n<meta property=\"og:title\" content=\"Conditions g\u00e9n\u00e9rales de vente et mentions l\u00e9gales - rafting-morvan.com\" \/>\n<meta property=\"og:description\" content=\"Qui sommes-nous&nbsp;? Site Internet Raft\u2019Morvanwww.rafting-morvan.comEntreprise individuelle : Raft\u2019Morvan&nbsp;34 route de chaume\u00e7on 58140 saint martin du puy&nbsp;Si\u00e9ge social dans l\u2019ALLIER (03400)&nbsp;Mail : raftnmorvan@yahoo.frT\u00e9l\u00e9phone : 06 95 63 59 89SIRET : 80995308600026&nbsp;Responsable de publication : Mr ROUSTAND XAVIER&nbsp; Conditions g\u00e9n\u00e9rales de vente Merci de bien vouloir prendre le temps de lire les conditions g\u00e9n\u00e9rales de vente des [&hellip;]\" \/>\n<meta property=\"og:url\" content=\"https:\/\/rafting-morvan.com\/?page_id=3\" \/>\n<meta property=\"og:site_name\" content=\"rafting-morvan.com\" \/>\n<meta property=\"article:modified_time\" content=\"2024-02-16T16:06:43+00:00\" \/>\n<meta name=\"twitter:card\" content=\"summary_large_image\" \/>\n<meta name=\"twitter:label1\" content=\"Dur\u00e9e de lecture estim\u00e9e\" \/>\n\t<meta name=\"twitter:data1\" content=\"7 minutes\" \/>\n<script type=\"application\/ld+json\" class=\"yoast-schema-graph\">{\"@context\":\"https:\/\/schema.org\",\"@graph\":[{\"@type\":\"WebPage\",\"@id\":\"https:\/\/rafting-morvan.com\/?page_id=3\",\"url\":\"https:\/\/rafting-morvan.com\/?page_id=3\",\"name\":\"Conditions g\u00e9n\u00e9rales de vente et mentions l\u00e9gales - rafting-morvan.com\",\"isPartOf\":{\"@id\":\"https:\/\/rafting-morvan.com\/#website\"},\"datePublished\":\"2023-12-07T09:45:50+00:00\",\"dateModified\":\"2024-02-16T16:06:43+00:00\",\"breadcrumb\":{\"@id\":\"https:\/\/rafting-morvan.com\/?page_id=3#breadcrumb\"},\"inLanguage\":\"fr-FR\",\"potentialAction\":[{\"@type\":\"ReadAction\",\"target\":[\"https:\/\/rafting-morvan.com\/?page_id=3\"]}]},{\"@type\":\"BreadcrumbList\",\"@id\":\"https:\/\/rafting-morvan.com\/?page_id=3#breadcrumb\",\"itemListElement\":[{\"@type\":\"ListItem\",\"position\":1,\"name\":\"Accueil\",\"item\":\"https:\/\/rafting-morvan.com\/\"},{\"@type\":\"ListItem\",\"position\":2,\"name\":\"Conditions g\u00e9n\u00e9rales de vente et mentions l\u00e9gales\"}]},{\"@type\":\"WebSite\",\"@id\":\"https:\/\/rafting-morvan.com\/#website\",\"url\":\"https:\/\/rafting-morvan.com\/\",\"name\":\"rafting-morvan.com\",\"description\":\"\",\"publisher\":{\"@id\":\"https:\/\/rafting-morvan.com\/#organization\"},\"potentialAction\":[{\"@type\":\"SearchAction\",\"target\":{\"@type\":\"EntryPoint\",\"urlTemplate\":\"https:\/\/rafting-morvan.com\/?s={search_term_string}\"},\"query-input\":\"required name=search_term_string\"}],\"inLanguage\":\"fr-FR\"},{\"@type\":\"Organization\",\"@id\":\"https:\/\/rafting-morvan.com\/#organization\",\"name\":\"rafting-morvan.com\",\"url\":\"https:\/\/rafting-morvan.com\/\",\"logo\":{\"@type\":\"ImageObject\",\"inLanguage\":\"fr-FR\",\"@id\":\"https:\/\/rafting-morvan.com\/#\/schema\/logo\/image\/\",\"url\":\"https:\/\/rafting-morvan.com\/wp-content\/uploads\/2024\/02\/Logo-RAFT-MORVAN-01-small.png\",\"contentUrl\":\"https:\/\/rafting-morvan.com\/wp-content\/uploads\/2024\/02\/Logo-RAFT-MORVAN-01-small.png\",\"width\":300,\"height\":130,\"caption\":\"rafting-morvan.com\"},\"image\":{\"@id\":\"https:\/\/rafting-morvan.com\/#\/schema\/logo\/image\/\"}}]}<\/script>\n<!-- \/ Yoast SEO plugin. -->","yoast_head_json":{"title":"Conditions g\u00e9n\u00e9rales de vente et mentions l\u00e9gales - rafting-morvan.com","robots":{"index":"index","follow":"follow","max-snippet":"max-snippet:-1","max-image-preview":"max-image-preview:large","max-video-preview":"max-video-preview:-1"},"canonical":"https:\/\/rafting-morvan.com\/?page_id=3","og_locale":"fr_FR","og_type":"article","og_title":"Conditions g\u00e9n\u00e9rales de vente et mentions l\u00e9gales - rafting-morvan.com","og_description":"Qui sommes-nous&nbsp;? Site Internet Raft\u2019Morvanwww.rafting-morvan.comEntreprise individuelle : Raft\u2019Morvan&nbsp;34 route de chaume\u00e7on 58140 saint martin du puy&nbsp;Si\u00e9ge social dans l\u2019ALLIER (03400)&nbsp;Mail : raftnmorvan@yahoo.frT\u00e9l\u00e9phone : 06 95 63 59 89SIRET : 80995308600026&nbsp;Responsable de publication : Mr ROUSTAND XAVIER&nbsp; Conditions g\u00e9n\u00e9rales de vente Merci de bien vouloir prendre le temps de lire les conditions g\u00e9n\u00e9rales de vente des [&hellip;]","og_url":"https:\/\/rafting-morvan.com\/?page_id=3","og_site_name":"rafting-morvan.com","article_modified_time":"2024-02-16T16:06:43+00:00","twitter_card":"summary_large_image","twitter_misc":{"Dur\u00e9e de lecture estim\u00e9e":"7 minutes"},"schema":{"@context":"https:\/\/schema.org","@graph":[{"@type":"WebPage","@id":"https:\/\/rafting-morvan.com\/?page_id=3","url":"https:\/\/rafting-morvan.com\/?page_id=3","name":"Conditions g\u00e9n\u00e9rales de vente et mentions l\u00e9gales - rafting-morvan.com","isPartOf":{"@id":"https:\/\/rafting-morvan.com\/#website"},"datePublished":"2023-12-07T09:45:50+00:00","dateModified":"2024-02-16T16:06:43+00:00","breadcrumb":{"@id":"https:\/\/rafting-morvan.com\/?page_id=3#breadcrumb"},"inLanguage":"fr-FR","potentialAction":[{"@type":"ReadAction","target":["https:\/\/rafting-morvan.com\/?page_id=3"]}]},{"@type":"BreadcrumbList","@id":"https:\/\/rafting-morvan.com\/?page_id=3#breadcrumb","itemListElement":[{"@type":"ListItem","position":1,"name":"Accueil","item":"https:\/\/rafting-morvan.com\/"},{"@type":"ListItem","position":2,"name":"Conditions g\u00e9n\u00e9rales de vente et mentions l\u00e9gales"}]},{"@type":"WebSite","@id":"https:\/\/rafting-morvan.com\/#website","url":"https:\/\/rafting-morvan.com\/","name":"rafting-morvan.com","description":"","publisher":{"@id":"https:\/\/rafting-morvan.com\/#organization"},"potentialAction":[{"@type":"SearchAction","target":{"@type":"EntryPoint","urlTemplate":"https:\/\/rafting-morvan.com\/?s={search_term_string}"},"query-input":"required name=search_term_string"}],"inLanguage":"fr-FR"},{"@type":"Organization","@id":"https:\/\/rafting-morvan.com\/#organization","name":"rafting-morvan.com","url":"https:\/\/rafting-morvan.com\/","logo":{"@type":"ImageObject","inLanguage":"fr-FR","@id":"https:\/\/rafting-morvan.com\/#\/schema\/logo\/image\/","url":"https:\/\/rafting-morvan.com\/wp-content\/uploads\/2024\/02\/Logo-RAFT-MORVAN-01-small.png","contentUrl":"https:\/\/rafting-morvan.com\/wp-content\/uploads\/2024\/02\/Logo-RAFT-MORVAN-01-small.png","width":300,"height":130,"caption":"rafting-morvan.com"},"image":{"@id":"https:\/\/rafting-morvan.com\/#\/schema\/logo\/image\/"}}]}},"_links":{"self":[{"href":"https:\/\/rafting-morvan.com\/index.php?rest_route=\/wp\/v2\/pages\/3"}],"collection":[{"href":"https:\/\/rafting-morvan.com\/index.php?rest_route=\/wp\/v2\/pages"}],"about":[{"href":"https:\/\/rafting-morvan.com\/index.php?rest_route=\/wp\/v2\/types\/page"}],"author":[{"embeddable":true,"href":"https:\/\/rafting-morvan.com\/index.php?rest_route=\/wp\/v2\/users\/1"}],"replies":[{"embeddable":true,"href":"https:\/\/rafting-morvan.com\/index.php?rest_route=%2Fwp%2Fv2%2Fcomments&post=3"}],"version-history":[{"count":5,"href":"https:\/\/rafting-morvan.com\/index.php?rest_route=\/wp\/v2\/pages\/3\/revisions"}],"predecessor-version":[{"id":810,"href":"https:\/\/rafting-morvan.com\/index.php?rest_route=\/wp\/v2\/pages\/3\/revisions\/810"}],"wp:attachment":[{"href":"https:\/\/rafting-morvan.com\/index.php?rest_route=%2Fwp%2Fv2%2Fmedia&parent=3"}],"curies":[{"name":"wp","href":"https:\/\/api.w.org\/{rel}","templated":true}]}}